{"id":72,"date":"2025-12-16T11:39:56","date_gmt":"2025-12-16T16:39:56","guid":{"rendered":"https:\/\/ballroom.espace-dev.com\/?page_id=72"},"modified":"2026-03-16T14:18:46","modified_gmt":"2026-03-16T18:18:46","slug":"contact-booking","status":"publish","type":"page","link":"https:\/\/ballroom.espace-dev.com\/en\/contact-booking\/","title":{"rendered":"Contact"},"content":{"rendered":"\t\t<div data-elementor-type=\"wp-page\" data-elementor-id=\"72\" class=\"elementor elementor-72\" data-elementor-post-type=\"page\">\n\t\t\t\t<div class=\"elementor-element elementor-element-41c7e4d e-flex e-con-boxed e-con e-parent\" data-id=\"41c7e4d\" data-element_type=\"container\" data-e-type=\"container\" data-settings=\"{&quot;background_background&quot;:&quot;classic&quot;}\">\n\t\t\t\t\t<div class=\"e-con-inner\">\n\t\t\t\t<div class=\"elementor-element elementor-element-718b530 animated-slow elementor-invisible elementor-widget elementor-widget-heading\" data-id=\"718b530\" data-element_type=\"widget\" data-e-type=\"widget\" data-settings=\"{&quot;_animation&quot;:&quot;fadeIn&quot;}\" data-widget_type=\"heading.default\">\n\t\t\t\t<div class=\"elementor-widget-container\">\n\t\t\t\t\t<h1 class=\"elementor-heading-title elementor-size-default\">Contact us<\/h1>\t\t\t\t<\/div>\n\t\t\t\t<\/div>\n\t\t<div class=\"elementor-element elementor-element-ead4509 e-con-full e-flex e-con e-child\" data-id=\"ead4509\" data-element_type=\"container\" data-e-type=\"container\">\n\t\t<div class=\"elementor-element elementor-element-400225a e-con-full e-flex e-con e-child\" data-id=\"400225a\" data-element_type=\"container\" data-e-type=\"container\">\n\t\t\t\t<div class=\"elementor-element elementor-element-59b3c3a elementor-widget elementor-widget-heading\" data-id=\"59b3c3a\" data-element_type=\"widget\" data-e-type=\"widget\" data-widget_type=\"heading.default\">\n\t\t\t\t<div class=\"elementor-widget-container\">\n\t\t\t\t\t<h3 class=\"elementor-heading-title elementor-size-default\">The Westbury Montr\u00e9al Ballroom<\/h3>\t\t\t\t<\/div>\n\t\t\t\t<\/div>\n\t\t\t\t<div class=\"elementor-element elementor-element-cb30c11 elementor-widget elementor-widget-text-editor\" data-id=\"cb30c11\" data-element_type=\"widget\" data-e-type=\"widget\" data-widget_type=\"text-editor.default\">\n\t\t\t\t<div class=\"elementor-widget-container\">\n\t\t\t\t\t\t\t\t\t<p><a href=\"tel:514-370-3300\">+1 (514) 370-3300<\/a><br \/><a href=\"mailto:Stephane.Jasmin@hilton.com\">Write to us<\/a><\/p><p>6939 Bd D\u00e9carie<br \/>Montr\u00e9al\u00a0 H3W 0B5<\/p><p><a href=\"https:\/\/www.google.com\/maps\/dir\/\/6939+Bd+D%C3%A9carie,+Montr%C3%A9al,+QC+H3W+0B5\/@45.4686458,-73.5604527,14z\/data=!4m8!4m7!1m0!1m5!1m1!1s0x4cc91936f7edcb5f:0xbfafce97aba20b2f!2m2!1d-73.6487887!2d45.492908?entry=ttu&amp;g_ep=EgoyMDI1MTIwOS4wIKXMDSoASAFQAw%3D%3D\" target=\"_blank\" rel=\"noopener\">Open in Google Maps<\/a><\/p>\t\t\t\t\t\t\t\t<\/div>\n\t\t\t\t<\/div>\n\t\t\t\t<div class=\"elementor-element elementor-element-3817ba4 e-grid-align-left elementor-shape-rounded elementor-grid-0 elementor-widget elementor-widget-social-icons\" data-id=\"3817ba4\" data-element_type=\"widget\" data-e-type=\"widget\" data-widget_type=\"social-icons.default\">\n\t\t\t\t<div class=\"elementor-widget-container\">\n\t\t\t\t\t\t\t<div class=\"elementor-social-icons-wrapper elementor-grid\" role=\"list\">\n\t\t\t\t\t\t\t<span class=\"elementor-grid-item\" role=\"listitem\">\n\t\t\t\t\t<a class=\"elementor-icon elementor-social-icon elementor-social-icon-facebook elementor-repeater-item-047a82e\" href=\"https:\/\/www.facebook.com\/WestburyBallroom\/\" target=\"_blank\">\n\t\t\t\t\t\t<span class=\"elementor-screen-only\">Facebook<\/span>\n\t\t\t\t\t\t<svg aria-hidden=\"true\" class=\"e-font-icon-svg e-fab-facebook\" viewBox=\"0 0 512 512\" xmlns=\"http:\/\/www.w3.org\/2000\/svg\"><path d=\"M504 256C504 119 393 8 256 8S8 119 8 256c0 123.78 90.69 226.38 209.25 245V327.69h-63V256h63v-54.64c0-62.15 37-96.48 93.67-96.48 27.14 0 55.52 4.84 55.52 4.84v61h-31.28c-30.8 0-40.41 19.12-40.41 38.73V256h68.78l-11 71.69h-57.78V501C413.31 482.38 504 379.78 504 256z\"><\/path><\/svg>\t\t\t\t\t<\/a>\n\t\t\t\t<\/span>\n\t\t\t\t\t\t\t<span class=\"elementor-grid-item\" role=\"listitem\">\n\t\t\t\t\t<a class=\"elementor-icon elementor-social-icon elementor-social-icon-instagram elementor-repeater-item-6a3ed8a\" href=\"https:\/\/www.instagram.com\/the_westbury_ballroom\/?hl=fr\" target=\"_blank\">\n\t\t\t\t\t\t<span class=\"elementor-screen-only\">Instagram<\/span>\n\t\t\t\t\t\t<svg aria-hidden=\"true\" class=\"e-font-icon-svg e-fab-instagram\" viewBox=\"0 0 448 512\" xmlns=\"http:\/\/www.w3.org\/2000\/svg\"><path d=\"M224.1 141c-63.6 0-114.9 51.3-114.9 114.9s51.3 114.9 114.9 114.9S339 319.5 339 255.9 287.7 141 224.1 141zm0 189.6c-41.1 0-74.7-33.5-74.7-74.7s33.5-74.7 74.7-74.7 74.7 33.5 74.7 74.7-33.6 74.7-74.7 74.7zm146.4-194.3c0 14.9-12 26.8-26.8 26.8-14.9 0-26.8-12-26.8-26.8s12-26.8 26.8-26.8 26.8 12 26.8 26.8zm76.1 27.2c-1.7-35.9-9.9-67.7-36.2-93.9-26.2-26.2-58-34.4-93.9-36.2-37-2.1-147.9-2.1-184.9 0-35.8 1.7-67.6 9.9-93.9 36.1s-34.4 58-36.2 93.9c-2.1 37-2.1 147.9 0 184.9 1.7 35.9 9.9 67.7 36.2 93.9s58 34.4 93.9 36.2c37 2.1 147.9 2.1 184.9 0 35.9-1.7 67.7-9.9 93.9-36.2 26.2-26.2 34.4-58 36.2-93.9 2.1-37 2.1-147.8 0-184.8zM398.8 388c-7.8 19.6-22.9 34.7-42.6 42.6-29.5 11.7-99.5 9-132.1 9s-102.7 2.6-132.1-9c-19.6-7.8-34.7-22.9-42.6-42.6-11.7-29.5-9-99.5-9-132.1s-2.6-102.7 9-132.1c7.8-19.6 22.9-34.7 42.6-42.6 29.5-11.7 99.5-9 132.1-9s102.7-2.6 132.1 9c19.6 7.8 34.7 22.9 42.6 42.6 11.7 29.5 9 99.5 9 132.1s2.7 102.7-9 132.1z\"><\/path><\/svg>\t\t\t\t\t<\/a>\n\t\t\t\t<\/span>\n\t\t\t\t\t<\/div>\n\t\t\t\t\t\t<\/div>\n\t\t\t\t<\/div>\n\t\t\t\t<\/div>\n\t\t<div class=\"elementor-element elementor-element-dc18a3b e-con-full e-flex e-con e-child\" data-id=\"dc18a3b\" data-element_type=\"container\" data-e-type=\"container\">\n\t\t\t\t<div class=\"elementor-element elementor-element-c06a338 elementor-widget elementor-widget-shortcode\" data-id=\"c06a338\" data-element_type=\"widget\" data-e-type=\"widget\" data-widget_type=\"shortcode.default\">\n\t\t\t\t<div class=\"elementor-widget-container\">\n\t\t\t\t\t\t\t<div class=\"elementor-shortcode\">\n<div class=\"wpcf7 no-js\" id=\"wpcf7-f763-o1\" lang=\"en-US\" dir=\"ltr\" data-wpcf7-id=\"763\">\n<div class=\"screen-reader-response\"><p role=\"status\" aria-live=\"polite\" aria-atomic=\"true\"><\/p> <ul><\/ul><\/div>\n<form action=\"\/en\/wp-json\/wp\/v2\/pages\/72#wpcf7-f763-o1\" method=\"post\" class=\"wpcf7-form init\" aria-label=\"Contact form\" novalidate=\"novalidate\" data-status=\"init\">\n<fieldset class=\"hidden-fields-container\"><input type=\"hidden\" name=\"_wpcf7\" value=\"763\" \/><input type=\"hidden\" name=\"_wpcf7_version\" value=\"6.1.5\" \/><input type=\"hidden\" name=\"_wpcf7_locale\" value=\"en_US\" \/><input type=\"hidden\" name=\"_wpcf7_unit_tag\" value=\"wpcf7-f763-o1\" \/><input type=\"hidden\" name=\"_wpcf7_container_post\" value=\"0\" \/><input type=\"hidden\" name=\"_wpcf7_posted_data_hash\" value=\"\" \/>\n<\/fieldset>\n<div class=\"cf7-grid\">\n  <div class=\"col\">\n    <span class=\"wpcf7-form-control-wrap\" data-name=\"f-name\"><input size=\"40\" maxlength=\"400\" class=\"wpcf7-form-control wpcf7-text wpcf7-validates-as-required\" autocomplete=\"name\" aria-required=\"true\" aria-invalid=\"false\" placeholder=\"First name *\" value=\"\" type=\"text\" name=\"f-name\" \/><\/span>\n  <\/div>\n\n  <div class=\"col\">\n    <span class=\"wpcf7-form-control-wrap\" data-name=\"l-name\"><input size=\"40\" maxlength=\"400\" class=\"wpcf7-form-control wpcf7-text wpcf7-validates-as-required\" autocomplete=\"name\" aria-required=\"true\" aria-invalid=\"false\" placeholder=\"Last name *\" value=\"\" type=\"text\" name=\"l-name\" \/><\/span>\n  <\/div>\n\n  <div class=\"col\">\n    <span class=\"wpcf7-form-control-wrap\" data-name=\"email\"><input size=\"40\" maxlength=\"400\" class=\"wpcf7-form-control wpcf7-email wpcf7-validates-as-required wpcf7-text wpcf7-validates-as-email\" autocomplete=\"email\" aria-required=\"true\" aria-invalid=\"false\" placeholder=\"Email *\" value=\"\" type=\"email\" name=\"email\" \/><\/span>\n  <\/div>\n\n  <div class=\"col\">\n    <span class=\"wpcf7-form-control-wrap\" data-name=\"tel\"><input size=\"40\" maxlength=\"400\" class=\"wpcf7-form-control wpcf7-tel wpcf7-validates-as-required wpcf7-text wpcf7-validates-as-tel\" autocomplete=\"tel\" aria-required=\"true\" aria-invalid=\"false\" placeholder=\"Phone number *\" value=\"\" type=\"tel\" name=\"tel\" \/><\/span>\n  <\/div>\n\n  <div class=\"col\">\n    <span class=\"wpcf7-form-control-wrap\" data-name=\"event-type\"><select class=\"wpcf7-form-control wpcf7-select\" aria-invalid=\"false\" name=\"event-type\"><option value=\"Kind of event\">Kind of event<\/option><option value=\"Corporate Event\">Corporate Event<\/option><option value=\"Gala &amp; Fundraisers\">Gala &amp; Fundraisers<\/option><option value=\"Halal Wedding\">Halal Wedding<\/option><option value=\"Kosher Wedding\">Kosher Wedding<\/option><option value=\"Mitzvah or Kosher Event\">Mitzvah or Kosher Event<\/option><option value=\"Social or Holiday Event\">Social or Holiday Event<\/option><option value=\"Wedding\">Wedding<\/option><\/select><\/span>\n  <\/div>\n\n  <div class=\"col\">\n    <span class=\"wpcf7-form-control-wrap\" data-name=\"room\"><select class=\"wpcf7-form-control wpcf7-select\" aria-invalid=\"false\" name=\"room\"><option value=\"\">Which of rooms are you interested in?<\/option><option value=\"Salle Armstrong\">Salle Armstrong<\/option><option value=\"Salle Mackenzie\">Salle Mackenzie<\/option><option value=\"Salle V\u00e9zina\">Salle V\u00e9zina<\/option><option value=\"Terrasse Colibri\">Terrasse Colibri<\/option><option value=\"The Westbury Ballroom\">The Westbury Ballroom<\/option><\/select><\/span>\n  <\/div>\n\n  <div class=\"col\">\n     <label><span class=\"input-label\">Desired reservation date<\/span>\n      <span class=\"wpcf7-form-control-wrap\" data-name=\"desired-date\"><input class=\"wpcf7-form-control wpcf7-date wpcf7-validates-as-required wpcf7-validates-as-date\" aria-required=\"true\" aria-invalid=\"false\" value=\"\" type=\"date\" name=\"desired-date\" \/><\/span>\n<\/label>\n  <\/div>\n\n  <div class=\"col\">\n    <label><span class=\"input-label\">Alternate desired date<\/span>\n      <span class=\"wpcf7-form-control-wrap\" data-name=\"alternate-date\"><input class=\"wpcf7-form-control wpcf7-date wpcf7-validates-as-required wpcf7-validates-as-date\" aria-required=\"true\" aria-invalid=\"false\" value=\"\" type=\"date\" name=\"alternate-date\" \/><\/span>\n    <\/label>\n  <\/div>\n <div class=\"col\">\n    <span class=\"input-label\">Do you required guest rooms for your event?<\/span>\n      <span class=\"wpcf7-form-control-wrap\" data-name=\"guests-rooms\"><span class=\"wpcf7-form-control wpcf7-checkbox\"><span class=\"wpcf7-list-item first\"><label><input type=\"checkbox\" name=\"guests-rooms[]\" value=\"Yes\" \/><span class=\"wpcf7-list-item-label\">Yes<\/span><\/label><\/span><span class=\"wpcf7-list-item last\"><label><input type=\"checkbox\" name=\"guests-rooms[]\" value=\"No\" \/><span class=\"wpcf7-list-item-label\">No<\/span><\/label><\/span><\/span><\/span>\n  \n  <\/div>\n <div class=\"col\">\n    <span class=\"wpcf7-form-control-wrap\" data-name=\"rooms\"><input class=\"wpcf7-form-control wpcf7-number wpcf7-validates-as-number\" aria-invalid=\"false\" placeholder=\"How many rooms?\" value=\"\" type=\"number\" name=\"rooms\" \/><\/span>\n  <\/div>\n  <div class=\"col-full\">\n    <span class=\"wpcf7-form-control-wrap\" data-name=\"message\"><textarea cols=\"40\" rows=\"10\" maxlength=\"2000\" class=\"wpcf7-form-control wpcf7-textarea wpcf7-validates-as-required\" aria-required=\"true\" aria-invalid=\"false\" placeholder=\"Your message *\" name=\"message\"><\/textarea><\/span>\n  <\/div>\n\n  <div class=\"col-full col-submit\">\n    <input class=\"wpcf7-form-control wpcf7-submit has-spinner\" type=\"submit\" value=\"Submit\" \/>\n  <\/div>\n<\/div><div class=\"wpcf7-response-output\" aria-hidden=\"true\"><\/div>\n<\/form>\n<\/div>\n<\/div>\n\t\t\t\t\t\t<\/div>\n\t\t\t\t<\/div>\n\t\t\t\t<\/div>\n\t\t\t\t<\/div>\n\t\t\t\t\t<\/div>\n\t\t\t\t<\/div>\n\t\t\t\t<\/div>\n\t\t","protected":false},"excerpt":{"rendered":"<p>Contact us The Westbury Montr\u00e9al Ballroom +1 (514) 370-3300Write to us 6939 Bd D\u00e9carieMontr\u00e9al\u00a0 H3W 0B5 Open in Google Maps [&hellip;]<\/p>\n","protected":false},"author":1,"featured_media":0,"parent":0,"menu_order":0,"comment_status":"closed","ping_status":"closed","template":"","meta":{"inline_featured_image":false,"site-sidebar-layout":"no-sidebar","site-content-layout":"","ast-site-content-layout":"full-width-container","site-content-style":"default","site-sidebar-style":"default","ast-global-header-display":"","ast-banner-title-visibility":"","ast-main-header-display":"","ast-hfb-above-header-display":"","ast-hfb-below-header-display":"","ast-hfb-mobile-header-display":"","site-post-title":"disabled","ast-breadcrumbs-content":"","ast-featured-img":"disabled","footer-sml-layout":"","ast-disable-related-posts":"","theme-transparent-header-meta":"default","adv-header-id-meta":"","stick-header-meta":"default","header-above-stick-meta":"","header-main-stick-meta":"","header-below-stick-meta":"","astra-migrate-meta-layouts":"set","ast-page-background-enabled":"default","ast-page-background-meta":{"desktop":{"background-color":"var(--ast-global-color-5)","background-image":"","background-repeat":"repeat","background-position":"center center","background-size":"auto","background-attachment":"scroll","background-type":"","background-media":"","overlay-type":"","overlay-color":"","overlay-opacity":"","overlay-gradient":""},"tablet":{"background-color":"","background-image":"","background-repeat":"repeat","background-position":"center center","background-size":"auto","background-attachment":"scroll","background-type":"","background-media":"","overlay-type":"","overlay-color":"","overlay-opacity":"","overlay-gradient":""},"mobile":{"background-color":"","background-image":"","background-repeat":"repeat","background-position":"center center","background-size":"auto","background-attachment":"scroll","background-type":"","background-media":"","overlay-type":"","overlay-color":"","overlay-opacity":"","overlay-gradient":""}},"ast-content-background-meta":{"desktop":{"background-color":"var(--ast-global-color-4)","background-image":"","background-repeat":"repeat","background-position":"center center","background-size":"auto","background-attachment":"scroll","background-type":"","background-media":"","overlay-type":"","overlay-color":"","overlay-opacity":"","overlay-gradient":""},"tablet":{"background-color":"var(--ast-global-color-4)","background-image":"","background-repeat":"repeat","background-position":"center center","background-size":"auto","background-attachment":"scroll","background-type":"","background-media":"","overlay-type":"","overlay-color":"","overlay-opacity":"","overlay-gradient":""},"mobile":{"background-color":"var(--ast-global-color-4)","background-image":"","background-repeat":"repeat","background-position":"center center","background-size":"auto","background-attachment":"scroll","background-type":"","background-media":"","overlay-type":"","overlay-color":"","overlay-opacity":"","overlay-gradient":""}},"footnotes":""},"class_list":["post-72","page","type-page","status-publish","hentry"],"yoast_head":"<!-- This site is optimized with the Yoast SEO plugin v27.1.1 - https:\/\/yoast.com\/product\/yoast-seo-wordpress\/ -->\n<title>Contact &amp; Venue Booking in Montreal | The Westbury Ballroom<\/title>\n<meta name=\"description\" content=\"Plan your dream event in Montreal. Contact us to tour our venues and receive a tailored quote. Reserve your date today!\" \/>\n<meta name=\"robots\" content=\"noindex, follow, max-snippet:-1, max-image-preview:large, max-video-preview:-1\" \/>\n<meta property=\"og:locale\" content=\"en_US\" \/>\n<meta property=\"og:type\" content=\"article\" \/>\n<meta property=\"og:title\" content=\"Contact &amp; Venue Booking in Montreal | The Westbury Ballroom\" \/>\n<meta property=\"og:description\" content=\"Plan your dream event in Montreal. Contact us to tour our venues and receive a tailored quote. Reserve your date today!\" \/>\n<meta property=\"og:url\" content=\"https:\/\/ballroom.espace-dev.com\/en\/contact-booking\/\" \/>\n<meta property=\"og:site_name\" content=\"The Westbury Ballroom\" \/>\n<meta property=\"article:modified_time\" content=\"2026-03-16T18:18:46+00:00\" \/>\n<meta name=\"twitter:card\" content=\"summary_large_image\" \/>\n<meta name=\"twitter:label1\" content=\"Est. reading time\" \/>\n\t<meta name=\"twitter:data1\" content=\"1 minute\" \/>\n<script type=\"application\/ld+json\" class=\"yoast-schema-graph\">{\"@context\":\"https:\/\/schema.org\",\"@graph\":[{\"@type\":\"WebPage\",\"@id\":\"https:\/\/ballroom.espace-dev.com\/en\/contact-booking\/\",\"url\":\"https:\/\/ballroom.espace-dev.com\/en\/contact-booking\/\",\"name\":\"Contact & Venue Booking in Montreal | The Westbury Ballroom\",\"isPartOf\":{\"@id\":\"https:\/\/ballroom.espace-dev.com\/en\/#website\"},\"datePublished\":\"2025-12-16T16:39:56+00:00\",\"dateModified\":\"2026-03-16T18:18:46+00:00\",\"description\":\"Plan your dream event in Montreal. Contact us to tour our venues and receive a tailored quote. Reserve your date today!\",\"breadcrumb\":{\"@id\":\"https:\/\/ballroom.espace-dev.com\/en\/contact-booking\/#breadcrumb\"},\"inLanguage\":\"en-US\",\"potentialAction\":[{\"@type\":\"ReadAction\",\"target\":[\"https:\/\/ballroom.espace-dev.com\/en\/contact-booking\/\"]}]},{\"@type\":\"BreadcrumbList\",\"@id\":\"https:\/\/ballroom.espace-dev.com\/en\/contact-booking\/#breadcrumb\",\"itemListElement\":[{\"@type\":\"ListItem\",\"position\":1,\"name\":\"Accueil\",\"item\":\"https:\/\/ballroom.espace-dev.com\/en\/homepage-splash\/\"},{\"@type\":\"ListItem\",\"position\":2,\"name\":\"Contact\"}]},{\"@type\":\"WebSite\",\"@id\":\"https:\/\/ballroom.espace-dev.com\/en\/#website\",\"url\":\"https:\/\/ballroom.espace-dev.com\/en\/\",\"name\":\"The Westbury Ballroom\",\"description\":\"\",\"publisher\":{\"@id\":\"https:\/\/ballroom.espace-dev.com\/en\/#organization\"},\"potentialAction\":[{\"@type\":\"SearchAction\",\"target\":{\"@type\":\"EntryPoint\",\"urlTemplate\":\"https:\/\/ballroom.espace-dev.com\/en\/?s={search_term_string}\"},\"query-input\":{\"@type\":\"PropertyValueSpecification\",\"valueRequired\":true,\"valueName\":\"search_term_string\"}}],\"inLanguage\":\"en-US\"},{\"@type\":\"Organization\",\"@id\":\"https:\/\/ballroom.espace-dev.com\/en\/#organization\",\"name\":\"The Westbury Ballroom\",\"url\":\"https:\/\/ballroom.espace-dev.com\/en\/\",\"logo\":{\"@type\":\"ImageObject\",\"inLanguage\":\"en-US\",\"@id\":\"https:\/\/ballroom.espace-dev.com\/en\/#\/schema\/logo\/image\/\",\"url\":\"https:\/\/ballroom.espace-dev.com\/wp-content\/uploads\/2025\/12\/westbury-montreal-ballroom-logo-footer.png\",\"contentUrl\":\"https:\/\/ballroom.espace-dev.com\/wp-content\/uploads\/2025\/12\/westbury-montreal-ballroom-logo-footer.png\",\"width\":319,\"height\":198,\"caption\":\"The Westbury Ballroom\"},\"image\":{\"@id\":\"https:\/\/ballroom.espace-dev.com\/en\/#\/schema\/logo\/image\/\"}}]}<\/script>\n<!-- \/ Yoast SEO plugin. -->","yoast_head_json":{"title":"Contact & Venue Booking in Montreal | The Westbury Ballroom","description":"Plan your dream event in Montreal. Contact us to tour our venues and receive a tailored quote. Reserve your date today!","robots":{"index":"noindex","follow":"follow","max-snippet":"max-snippet:-1","max-image-preview":"max-image-preview:large","max-video-preview":"max-video-preview:-1"},"og_locale":"en_US","og_type":"article","og_title":"Contact & Venue Booking in Montreal | The Westbury Ballroom","og_description":"Plan your dream event in Montreal. Contact us to tour our venues and receive a tailored quote. Reserve your date today!","og_url":"https:\/\/ballroom.espace-dev.com\/en\/contact-booking\/","og_site_name":"The Westbury Ballroom","article_modified_time":"2026-03-16T18:18:46+00:00","twitter_card":"summary_large_image","twitter_misc":{"Est. reading time":"1 minute"},"schema":{"@context":"https:\/\/schema.org","@graph":[{"@type":"WebPage","@id":"https:\/\/ballroom.espace-dev.com\/en\/contact-booking\/","url":"https:\/\/ballroom.espace-dev.com\/en\/contact-booking\/","name":"Contact & Venue Booking in Montreal | The Westbury Ballroom","isPartOf":{"@id":"https:\/\/ballroom.espace-dev.com\/en\/#website"},"datePublished":"2025-12-16T16:39:56+00:00","dateModified":"2026-03-16T18:18:46+00:00","description":"Plan your dream event in Montreal. Contact us to tour our venues and receive a tailored quote. Reserve your date today!","breadcrumb":{"@id":"https:\/\/ballroom.espace-dev.com\/en\/contact-booking\/#breadcrumb"},"inLanguage":"en-US","potentialAction":[{"@type":"ReadAction","target":["https:\/\/ballroom.espace-dev.com\/en\/contact-booking\/"]}]},{"@type":"BreadcrumbList","@id":"https:\/\/ballroom.espace-dev.com\/en\/contact-booking\/#breadcrumb","itemListElement":[{"@type":"ListItem","position":1,"name":"Accueil","item":"https:\/\/ballroom.espace-dev.com\/en\/homepage-splash\/"},{"@type":"ListItem","position":2,"name":"Contact"}]},{"@type":"WebSite","@id":"https:\/\/ballroom.espace-dev.com\/en\/#website","url":"https:\/\/ballroom.espace-dev.com\/en\/","name":"The Westbury Ballroom","description":"","publisher":{"@id":"https:\/\/ballroom.espace-dev.com\/en\/#organization"},"potentialAction":[{"@type":"SearchAction","target":{"@type":"EntryPoint","urlTemplate":"https:\/\/ballroom.espace-dev.com\/en\/?s={search_term_string}"},"query-input":{"@type":"PropertyValueSpecification","valueRequired":true,"valueName":"search_term_string"}}],"inLanguage":"en-US"},{"@type":"Organization","@id":"https:\/\/ballroom.espace-dev.com\/en\/#organization","name":"The Westbury Ballroom","url":"https:\/\/ballroom.espace-dev.com\/en\/","logo":{"@type":"ImageObject","inLanguage":"en-US","@id":"https:\/\/ballroom.espace-dev.com\/en\/#\/schema\/logo\/image\/","url":"https:\/\/ballroom.espace-dev.com\/wp-content\/uploads\/2025\/12\/westbury-montreal-ballroom-logo-footer.png","contentUrl":"https:\/\/ballroom.espace-dev.com\/wp-content\/uploads\/2025\/12\/westbury-montreal-ballroom-logo-footer.png","width":319,"height":198,"caption":"The Westbury Ballroom"},"image":{"@id":"https:\/\/ballroom.espace-dev.com\/en\/#\/schema\/logo\/image\/"}}]}},"_links":{"self":[{"href":"https:\/\/ballroom.espace-dev.com\/en\/wp-json\/wp\/v2\/pages\/72","targetHints":{"allow":["GET"]}}],"collection":[{"href":"https:\/\/ballroom.espace-dev.com\/en\/wp-json\/wp\/v2\/pages"}],"about":[{"href":"https:\/\/ballroom.espace-dev.com\/en\/wp-json\/wp\/v2\/types\/page"}],"author":[{"embeddable":true,"href":"https:\/\/ballroom.espace-dev.com\/en\/wp-json\/wp\/v2\/users\/1"}],"replies":[{"embeddable":true,"href":"https:\/\/ballroom.espace-dev.com\/en\/wp-json\/wp\/v2\/comments?post=72"}],"version-history":[{"count":34,"href":"https:\/\/ballroom.espace-dev.com\/en\/wp-json\/wp\/v2\/pages\/72\/revisions"}],"predecessor-version":[{"id":1425,"href":"https:\/\/ballroom.espace-dev.com\/en\/wp-json\/wp\/v2\/pages\/72\/revisions\/1425"}],"wp:attachment":[{"href":"https:\/\/ballroom.espace-dev.com\/en\/wp-json\/wp\/v2\/media?parent=72"}],"curies":[{"name":"wp","href":"https:\/\/api.w.org\/{rel}","templated":true}]}}